{"id":1753,"date":"2024-08-12T12:59:53","date_gmt":"2024-08-12T10:59:53","guid":{"rendered":"https:\/\/internationalcancerfoundation.org\/?page_id=1753"},"modified":"2026-04-24T10:39:46","modified_gmt":"2026-04-24T08:39:46","slug":"politique-de-confidentialite","status":"publish","type":"page","link":"https:\/\/internationalcancerfoundation.org\/fr\/politique-de-confidentialite\/","title":{"rendered":"Politique de confidentialit\u00e9"},"content":{"rendered":"<h2 class=\"wp-block-heading\">Qui sommes-nous ?<\/h2><p><strong class=\"privacy-policy-tutorial\">Texte sugg\u00e9r\u00e9 : <\/strong>L&rsquo;adresse de notre site est : http:\/\/internationalcancerfoundation.ch.<\/p><h2 class=\"wp-block-heading\">Commentaires<\/h2><p><strong class=\"privacy-policy-tutorial\">Texte sugg\u00e9r\u00e9 : <\/strong>Lorsque vous laissez un commentaire sur notre site, les donn\u00e9es inscrites dans le formulaire de commentaire, ainsi que votre adresse IP et l&rsquo;agent utilisateur de votre navigateur sont collect\u00e9s afin de nous assister dans la d\u00e9tection des commentaires ind\u00e9sirables.<\/p><p>Une cha\u00eene anonymis\u00e9e cr\u00e9\u00e9e \u00e0 partir de votre adresse \u00e9lectronique (\u00e9galement appel\u00e9e hachage) peut \u00eatre transmise au service Gravatar pour v\u00e9rifier si vous utilisez ce dernier. Les clauses de confidentialit\u00e9 du service Gravatar sont disponibles \u00e0 l&rsquo;adresse suivante : https:\/\/automattic.com\/privacy\/. Apr\u00e8s validation de votre commentaire, votre photographie de profil sera visible publiquement \u00e0 c\u00f4t\u00e9 de votre commentaire. <\/p><h2 class=\"wp-block-heading\">M\u00e9dias<\/h2><p><strong class=\"privacy-policy-tutorial\">Texte sugg\u00e9r\u00e9 : <\/strong>Si vous t\u00e9l\u00e9versez des images sur le site, nous vous recommandons vivement d&rsquo;\u00e9viter de t\u00e9l\u00e9verser des images contenant des donn\u00e9es EXIF de coordonn\u00e9es GPS. Les visiteurs de votre site ont la possibilit\u00e9 de t\u00e9l\u00e9charger et d&rsquo;extraire des donn\u00e9es de localisation \u00e0 partir de ces images. <\/p><h2 class=\"wp-block-heading\">Cookies<\/h2><p><strong class=\"privacy-policy-tutorial\">Texte sugg\u00e9r\u00e9 : <\/strong>Si vous d\u00e9posez un commentaire sur notre site, il vous sera propos\u00e9 d&rsquo;enregistrer votre nom, votre adresse \u00e9lectronique et votre site internet dans des cookies. Cette d\u00e9marche est uniquement destin\u00e9e \u00e0 votre confort afin de ne pas avoir \u00e0 saisir ces informations si vous d\u00e9posez un autre commentaire ult\u00e9rieurement. Ces cookies expirent au terme d&rsquo;une ann\u00e9e.  <\/p><p>Si vous vous rendez sur la page de connexion, un cookie temporaire sera cr\u00e9\u00e9 afin de d\u00e9terminer si votre navigateur accepte les cookies. Il ne contient aucune donn\u00e9e personnelle et sera supprim\u00e9 automatiquement \u00e0 la fermeture de votre navigateur. <\/p><p>Lors de votre connexion, nous mettrons en place un certain nombre de cookies pour enregistrer vos informations de connexion et vos pr\u00e9f\u00e9rences d \u00ab \u00e9cran. La dur\u00e9e de vie d&rsquo;un cookie de connexion est de deux jours, celle d&rsquo;un cookie d&rsquo;option d \u00bb \u00e9cran est d&rsquo;une ann\u00e9e. Si vous cochez \u00ab Se souvenir de moi \u00bb, votre cookie de connexion sera conserv\u00e9 pendant deux semaines. Si vous vous d\u00e9connectez de votre compte, le cookie de connexion sera effac\u00e9.   <\/p><p>En modifiant ou en publiant une publication, un cookie suppl\u00e9mentaire sera enregistr\u00e9 dans votre navigateur. Ce cookie ne comprend aucune donn\u00e9e personnelle. Il indique simplement l&rsquo;identifiant de la publication que vous venez de modifier. Il expire au terme d&rsquo;une journ\u00e9e.   <\/p><h2 class=\"wp-block-heading\">Contenu embarqu\u00e9 depuis d&rsquo;autres sites<\/h2><p><strong class=\"privacy-policy-tutorial\">Texte sugg\u00e9r\u00e9 : <\/strong>Les articles de ce site peuvent inclure des contenus int\u00e9gr\u00e9s (par exemple des vid\u00e9os, images, articles&#8230;). Le contenu int\u00e9gr\u00e9 provenant d&rsquo;autres sites se comporte de la m\u00eame mani\u00e8re que si le visiteur se rendait sur cet autre site. <\/p><p>Ces sites web pourraient collecter des donn\u00e9es vous concernant, utiliser des cookies, int\u00e9grer des outils de suivi tiers, suivre vos interactions avec ces contenus embarqu\u00e9s si vous disposez d&rsquo;un compte connect\u00e9 sur leur site web.<\/p><h2 class=\"wp-block-heading\">Utilisation et transmission de vos donn\u00e9es personnelles<\/h2><p><strong class=\"privacy-policy-tutorial\">Texte sugg\u00e9r\u00e9 : <\/strong>Si vous sollicitez une r\u00e9initialisation de votre mot de passe, votre adresse IP sera incluse dans le courriel de r\u00e9initialisation.<\/p><h2 class=\"wp-block-heading\">Dur\u00e9es de conservation de vos donn\u00e9es<\/h2><p><strong class=\"privacy-policy-tutorial\">Texte sugg\u00e9r\u00e9 : <\/strong>Si vous laissez un commentaire, le commentaire et ses m\u00e9tadonn\u00e9es sont conserv\u00e9s pour une dur\u00e9e ind\u00e9termin\u00e9e. Cela nous permet de reconna\u00eetre et d&rsquo;approuver automatiquement les commentaires suivants au lieu de les maintenir dans une file d&rsquo;attente de mod\u00e9ration. <\/p><p>Pour les comptes qui s&rsquo;inscrivent sur notre site (le cas \u00e9ch\u00e9ant), nous conservons \u00e9galement les donn\u00e9es personnelles indiqu\u00e9es dans leur profil. Tous les comptes peuvent consulter, modifier ou supprimer leurs informations personnelles \u00e0 tout moment (\u00e0 l&rsquo;exception de leur identifiant). Les gestionnaires du site peuvent \u00e9galement consulter et modifier ces informations.  <\/p><h2 class=\"wp-block-heading\">Les droits dont vous disposez sur vos donn\u00e9es<\/h2><p><strong class=\"privacy-policy-tutorial\">Texte sugg\u00e9r\u00e9 : <\/strong>Si vous poss\u00e9dez un compte ou si vous avez laiss\u00e9 des commentaires sur le site, vous pouvez solliciter la r\u00e9ception d&rsquo;un fichier contenant toutes les donn\u00e9es personnelles que nous d\u00e9tenons \u00e0 votre sujet, incluant celles que vous nous avez fournies. Vous pouvez \u00e9galement demander la suppression des donn\u00e9es personnelles vous concernant. Cela ne prend pas en consid\u00e9ration les donn\u00e9es conserv\u00e9es \u00e0 des fins administratives, l\u00e9gales ou de s\u00e9curit\u00e9.  <\/p><h2 class=\"wp-block-heading\">Destination de vos donn\u00e9es<\/h2><p><strong class=\"privacy-policy-tutorial\">Texte sugg\u00e9r\u00e9 : <\/strong>Les commentaires des visiteurs peuvent \u00eatre v\u00e9rifi\u00e9s \u00e0 l&rsquo;aide d&rsquo;un service automatis\u00e9 de d\u00e9tection des commentaires ind\u00e9sirables.<\/p>","protected":false},"excerpt":{"rendered":"<p>Qui sommes-nous ? Texte sugg\u00e9r\u00e9 : L&rsquo;adresse de notre site est : http:\/\/internationalcancerfoundation.ch. Commentaires Texte sugg\u00e9r\u00e9 : Lorsque vous laissez un commentaire sur notre site, les donn\u00e9es inscrites dans le formulaire de commentaire, ainsi que votre adresse IP et l&rsquo;agent utilisateur de votre navigateur sont collect\u00e9s afin de nous assister dans la d\u00e9tection des commentaires [&hellip;]<\/p>\n","protected":false},"author":1,"featured_media":0,"parent":0,"menu_order":0,"comment_status":"closed","ping_status":"open","template":"","meta":{"_acf_changed":false,"footnotes":""},"class_list":["post-1753","page","type-page","status-publish","hentry"],"acf":[],"yoast_head":"<!-- This site is optimized with the Yoast SEO plugin v27.4 - https:\/\/yoast.com\/product\/yoast-seo-wordpress\/ -->\n<title>Politique de confidentialit\u00e9 - International Cancer Foundation (ICF)<\/title>\n<meta name=\"robots\" content=\"index, follow, max-snippet:-1, max-image-preview:large, max-video-preview:-1\" \/>\n<link rel=\"canonical\" href=\"https:\/\/internationalcancerfoundation.org\/fr\/politique-de-confidentialite\/\" \/>\n<meta property=\"og:locale\" content=\"fr_FR\" \/>\n<meta property=\"og:type\" content=\"article\" \/>\n<meta property=\"og:title\" content=\"Politique de confidentialit\u00e9 - International Cancer Foundation (ICF)\" \/>\n<meta property=\"og:description\" content=\"Qui sommes-nous ? Texte sugg\u00e9r\u00e9 : L&rsquo;adresse de notre site est : http:\/\/internationalcancerfoundation.ch. Commentaires Texte sugg\u00e9r\u00e9 : Lorsque vous laissez un commentaire sur notre site, les donn\u00e9es inscrites dans le formulaire de commentaire, ainsi que votre adresse IP et l&rsquo;agent utilisateur de votre navigateur sont collect\u00e9s afin de nous assister dans la d\u00e9tection des commentaires [&hellip;]\" \/>\n<meta property=\"og:url\" content=\"https:\/\/internationalcancerfoundation.org\/fr\/politique-de-confidentialite\/\" \/>\n<meta property=\"og:site_name\" content=\"International Cancer Foundation (ICF)\" \/>\n<meta property=\"article:modified_time\" content=\"2026-04-24T08:39:46+00:00\" \/>\n<meta name=\"twitter:card\" content=\"summary_large_image\" \/>\n<meta name=\"twitter:label1\" content=\"Dur\u00e9e de lecture estim\u00e9e\" \/>\n\t<meta name=\"twitter:data1\" content=\"4 minutes\" \/>\n<script type=\"application\/ld+json\" class=\"yoast-schema-graph\">{\"@context\":\"https:\\\/\\\/schema.org\",\"@graph\":[{\"@type\":\"WebPage\",\"@id\":\"https:\\\/\\\/internationalcancerfoundation.org\\\/fr\\\/politique-de-confidentialite\\\/\",\"url\":\"https:\\\/\\\/internationalcancerfoundation.org\\\/fr\\\/politique-de-confidentialite\\\/\",\"name\":\"Politique de confidentialit\u00e9 - International Cancer Foundation (ICF)\",\"isPartOf\":{\"@id\":\"https:\\\/\\\/internationalcancerfoundation.org\\\/fr\\\/#website\"},\"datePublished\":\"2024-08-12T10:59:53+00:00\",\"dateModified\":\"2026-04-24T08:39:46+00:00\",\"breadcrumb\":{\"@id\":\"https:\\\/\\\/internationalcancerfoundation.org\\\/fr\\\/politique-de-confidentialite\\\/#breadcrumb\"},\"inLanguage\":\"fr-FR\",\"potentialAction\":[{\"@type\":\"ReadAction\",\"target\":[\"https:\\\/\\\/internationalcancerfoundation.org\\\/fr\\\/politique-de-confidentialite\\\/\"]}]},{\"@type\":\"BreadcrumbList\",\"@id\":\"https:\\\/\\\/internationalcancerfoundation.org\\\/fr\\\/politique-de-confidentialite\\\/#breadcrumb\",\"itemListElement\":[{\"@type\":\"ListItem\",\"position\":1,\"name\":\"Accueil\",\"item\":\"https:\\\/\\\/internationalcancerfoundation.org\\\/fr\\\/\"},{\"@type\":\"ListItem\",\"position\":2,\"name\":\"Politique de confidentialit\u00e9\"}]},{\"@type\":\"WebSite\",\"@id\":\"https:\\\/\\\/internationalcancerfoundation.org\\\/fr\\\/#website\",\"url\":\"https:\\\/\\\/internationalcancerfoundation.org\\\/fr\\\/\",\"name\":\"International Cancer Foundation (ICF)\",\"description\":\"International Cancer Foundation (ICF)\",\"publisher\":{\"@id\":\"https:\\\/\\\/internationalcancerfoundation.org\\\/fr\\\/#organization\"},\"potentialAction\":[{\"@type\":\"SearchAction\",\"target\":{\"@type\":\"EntryPoint\",\"urlTemplate\":\"https:\\\/\\\/internationalcancerfoundation.org\\\/fr\\\/?s={search_term_string}\"},\"query-input\":{\"@type\":\"PropertyValueSpecification\",\"valueRequired\":true,\"valueName\":\"search_term_string\"}}],\"inLanguage\":\"fr-FR\"},{\"@type\":\"Organization\",\"@id\":\"https:\\\/\\\/internationalcancerfoundation.org\\\/fr\\\/#organization\",\"name\":\"International Cancer Foundation (ICF)\",\"url\":\"https:\\\/\\\/internationalcancerfoundation.org\\\/fr\\\/\",\"logo\":{\"@type\":\"ImageObject\",\"inLanguage\":\"fr-FR\",\"@id\":\"https:\\\/\\\/internationalcancerfoundation.org\\\/fr\\\/#\\\/schema\\\/logo\\\/image\\\/\",\"url\":\"https:\\\/\\\/internationalcancerfoundation.org\\\/wp-content\\\/uploads\\\/2025\\\/06\\\/international_Cancer_Foundation_Logo_2Lines_RGB-2.svg\",\"contentUrl\":\"https:\\\/\\\/internationalcancerfoundation.org\\\/wp-content\\\/uploads\\\/2025\\\/06\\\/international_Cancer_Foundation_Logo_2Lines_RGB-2.svg\",\"width\":237,\"height\":51,\"caption\":\"International Cancer Foundation (ICF)\"},\"image\":{\"@id\":\"https:\\\/\\\/internationalcancerfoundation.org\\\/fr\\\/#\\\/schema\\\/logo\\\/image\\\/\"},\"sameAs\":[\"https:\\\/\\\/www.linkedin.com\\\/company\\\/international-cancer-foundation-icf\\\/\"]}]}<\/script>\n<!-- \/ Yoast SEO plugin. -->","yoast_head_json":{"title":"Politique de confidentialit\u00e9 - International Cancer Foundation (ICF)","robots":{"index":"index","follow":"follow","max-snippet":"max-snippet:-1","max-image-preview":"max-image-preview:large","max-video-preview":"max-video-preview:-1"},"canonical":"https:\/\/internationalcancerfoundation.org\/fr\/politique-de-confidentialite\/","og_locale":"fr_FR","og_type":"article","og_title":"Politique de confidentialit\u00e9 - International Cancer Foundation (ICF)","og_description":"Qui sommes-nous ? Texte sugg\u00e9r\u00e9 : L&rsquo;adresse de notre site est : http:\/\/internationalcancerfoundation.ch. Commentaires Texte sugg\u00e9r\u00e9 : Lorsque vous laissez un commentaire sur notre site, les donn\u00e9es inscrites dans le formulaire de commentaire, ainsi que votre adresse IP et l&rsquo;agent utilisateur de votre navigateur sont collect\u00e9s afin de nous assister dans la d\u00e9tection des commentaires [&hellip;]","og_url":"https:\/\/internationalcancerfoundation.org\/fr\/politique-de-confidentialite\/","og_site_name":"International Cancer Foundation (ICF)","article_modified_time":"2026-04-24T08:39:46+00:00","twitter_card":"summary_large_image","twitter_misc":{"Dur\u00e9e de lecture estim\u00e9e":"4 minutes"},"schema":{"@context":"https:\/\/schema.org","@graph":[{"@type":"WebPage","@id":"https:\/\/internationalcancerfoundation.org\/fr\/politique-de-confidentialite\/","url":"https:\/\/internationalcancerfoundation.org\/fr\/politique-de-confidentialite\/","name":"Politique de confidentialit\u00e9 - International Cancer Foundation (ICF)","isPartOf":{"@id":"https:\/\/internationalcancerfoundation.org\/fr\/#website"},"datePublished":"2024-08-12T10:59:53+00:00","dateModified":"2026-04-24T08:39:46+00:00","breadcrumb":{"@id":"https:\/\/internationalcancerfoundation.org\/fr\/politique-de-confidentialite\/#breadcrumb"},"inLanguage":"fr-FR","potentialAction":[{"@type":"ReadAction","target":["https:\/\/internationalcancerfoundation.org\/fr\/politique-de-confidentialite\/"]}]},{"@type":"BreadcrumbList","@id":"https:\/\/internationalcancerfoundation.org\/fr\/politique-de-confidentialite\/#breadcrumb","itemListElement":[{"@type":"ListItem","position":1,"name":"Accueil","item":"https:\/\/internationalcancerfoundation.org\/fr\/"},{"@type":"ListItem","position":2,"name":"Politique de confidentialit\u00e9"}]},{"@type":"WebSite","@id":"https:\/\/internationalcancerfoundation.org\/fr\/#website","url":"https:\/\/internationalcancerfoundation.org\/fr\/","name":"International Cancer Foundation (ICF)","description":"International Cancer Foundation (ICF)","publisher":{"@id":"https:\/\/internationalcancerfoundation.org\/fr\/#organization"},"potentialAction":[{"@type":"SearchAction","target":{"@type":"EntryPoint","urlTemplate":"https:\/\/internationalcancerfoundation.org\/fr\/?s={search_term_string}"},"query-input":{"@type":"PropertyValueSpecification","valueRequired":true,"valueName":"search_term_string"}}],"inLanguage":"fr-FR"},{"@type":"Organization","@id":"https:\/\/internationalcancerfoundation.org\/fr\/#organization","name":"International Cancer Foundation (ICF)","url":"https:\/\/internationalcancerfoundation.org\/fr\/","logo":{"@type":"ImageObject","inLanguage":"fr-FR","@id":"https:\/\/internationalcancerfoundation.org\/fr\/#\/schema\/logo\/image\/","url":"https:\/\/internationalcancerfoundation.org\/wp-content\/uploads\/2025\/06\/international_Cancer_Foundation_Logo_2Lines_RGB-2.svg","contentUrl":"https:\/\/internationalcancerfoundation.org\/wp-content\/uploads\/2025\/06\/international_Cancer_Foundation_Logo_2Lines_RGB-2.svg","width":237,"height":51,"caption":"International Cancer Foundation (ICF)"},"image":{"@id":"https:\/\/internationalcancerfoundation.org\/fr\/#\/schema\/logo\/image\/"},"sameAs":["https:\/\/www.linkedin.com\/company\/international-cancer-foundation-icf\/"]}]}},"_links":{"self":[{"href":"https:\/\/internationalcancerfoundation.org\/fr\/wp-json\/wp\/v2\/pages\/1753","targetHints":{"allow":["GET"]}}],"collection":[{"href":"https:\/\/internationalcancerfoundation.org\/fr\/wp-json\/wp\/v2\/pages"}],"about":[{"href":"https:\/\/internationalcancerfoundation.org\/fr\/wp-json\/wp\/v2\/types\/page"}],"author":[{"embeddable":true,"href":"https:\/\/internationalcancerfoundation.org\/fr\/wp-json\/wp\/v2\/users\/1"}],"replies":[{"embeddable":true,"href":"https:\/\/internationalcancerfoundation.org\/fr\/wp-json\/wp\/v2\/comments?post=1753"}],"version-history":[{"count":2,"href":"https:\/\/internationalcancerfoundation.org\/fr\/wp-json\/wp\/v2\/pages\/1753\/revisions"}],"predecessor-version":[{"id":3837,"href":"https:\/\/internationalcancerfoundation.org\/fr\/wp-json\/wp\/v2\/pages\/1753\/revisions\/3837"}],"wp:attachment":[{"href":"https:\/\/internationalcancerfoundation.org\/fr\/wp-json\/wp\/v2\/media?parent=1753"}],"curies":[{"name":"wp","href":"https:\/\/api.w.org\/{rel}","templated":true}]}}