{"id":1760,"date":"2024-08-12T12:59:53","date_gmt":"2024-08-12T10:59:53","guid":{"rendered":"https:\/\/internationalcancerfoundation.org\/?page_id=1760"},"modified":"2026-04-24T10:44:40","modified_gmt":"2026-04-24T08:44:40","slug":"politica-de-privacidad","status":"publish","type":"page","link":"https:\/\/internationalcancerfoundation.org\/es\/politica-de-privacidad\/","title":{"rendered":"Pol\u00edtica de privacidad"},"content":{"rendered":"<h2 class=\"wp-block-heading\">\u00bfQui\u00e9nes somos?<\/h2><p><strong class=\"privacy-policy-tutorial\">Texto sugerido: <\/strong>La direcci\u00f3n de nuestro sitio web es: http:\/\/internationalcancerfoundation.ch.<\/p><h2 class=\"wp-block-heading\">Comentarios<\/h2><p><strong class=\"privacy-policy-tutorial\">Texto sugerido: <\/strong>Cuando usted deja un comentario en nuestro sitio web, se recopilan los datos introducidos en el formulario de comentarios, as\u00ed como su direcci\u00f3n IP y el agente de usuario del navegador para ayudarnos a detectar comentarios no deseados.<\/p><p>Una cadena anonimizada creada a partir de su direcci\u00f3n de correo electr\u00f3nico (tambi\u00e9n llamada hash) puede ser enviada al servicio Gravatar para verificar si usted lo utiliza. La pol\u00edtica de privacidad del servicio Gravatar est\u00e1 disponible aqu\u00ed: https:\/\/automattic.com\/privacy\/. Despu\u00e9s de la aprobaci\u00f3n de su comentario, la imagen de su perfil ser\u00e1 visible p\u00fablicamente junto a su comentario. <\/p><h2 class=\"wp-block-heading\">Medios<\/h2><p><strong class=\"privacy-policy-tutorial\">Texto sugerido: <\/strong>Si usted sube im\u00e1genes al sitio web, le recomendamos que evite cargar im\u00e1genes con datos EXIF de coordenadas GPS. Los visitantes del sitio web pueden descargar y extraer cualquier dato de ubicaci\u00f3n de las im\u00e1genes. <\/p><h2 class=\"wp-block-heading\">Cookies<\/h2><p><strong class=\"privacy-policy-tutorial\">Texto sugerido: <\/strong>Si usted deja un comentario en nuestro sitio, puede optar por guardar su nombre, direcci\u00f3n de correo electr\u00f3nico y sitio web en cookies. Esto es para su comodidad, para que no tenga que volver a introducir sus datos cuando deje otro comentario. Estas cookies tendr\u00e1n una duraci\u00f3n de un a\u00f1o.  <\/p><p>Si visita nuestra p\u00e1gina de inicio de sesi\u00f3n, estableceremos una cookie temporal para determinar si su navegador acepta cookies. Esta cookie no contiene datos personales y se elimina al cerrar el navegador. <\/p><p>Cuando inicie sesi\u00f3n, tambi\u00e9n estableceremos varias cookies para guardar su informaci\u00f3n de inicio de sesi\u00f3n y sus opciones de visualizaci\u00f3n de pantalla. Las cookies de inicio de sesi\u00f3n duran dos d\u00edas, y las cookies de opciones de pantalla duran un a\u00f1o. Si selecciona \u201c\u00bbRecordarme\u00bb\u201d, su inicio de sesi\u00f3n persistir\u00e1 durante dos semanas. Si cierra la sesi\u00f3n de su cuenta, las cookies de inicio de sesi\u00f3n se eliminar\u00e1n.   <\/p><p>Si edita o publica un art\u00edculo, se guardar\u00e1 una cookie adicional en su navegador. Esta cookie no incluye datos personales y simplemente indica el ID del art\u00edculo que acaba de editar. Caduca despu\u00e9s de 1 d\u00eda.   <\/p><h2 class=\"wp-block-heading\">Contenido incrustado de otros sitios web<\/h2><p><strong class=\"privacy-policy-tutorial\">Texto sugerido: <\/strong>Los art\u00edculos de este sitio pueden incluir contenido incrustado (por ejemplo, v\u00eddeos, im\u00e1genes, art\u00edculos, etc.). El contenido incrustado de otros sitios web se comporta exactamente de la misma manera que si el visitante hubiera visitado el otro sitio web. <\/p><p>Estos sitios web pueden recopilar datos sobre usted, utilizar cookies, incrustar un seguimiento adicional de terceros, y supervisar su interacci\u00f3n con ese contenido incrustado, incluido el seguimiento de su interacci\u00f3n con el contenido incrustado si tiene una cuenta y est\u00e1 conectado a ese sitio web.<\/p><h2 class=\"wp-block-heading\">Uso y transmisi\u00f3n de sus datos personales<\/h2><p><strong class=\"privacy-policy-tutorial\">Texto sugerido: <\/strong>Si solicita un restablecimiento de contrase\u00f1a, su direcci\u00f3n IP ser\u00e1 incluida en el correo electr\u00f3nico de restablecimiento.<\/p><h2 class=\"wp-block-heading\">Duraci\u00f3n de almacenamiento de sus datos<\/h2><p><strong class=\"privacy-policy-tutorial\">Texto sugerido: <\/strong>Si deja un comentario, el comentario y sus metadatos se conservan indefinidamente. Esto es para que podamos reconocer y aprobar autom\u00e1ticamente cualquier comentario de seguimiento en lugar de mantenerlos en una cola de moderaci\u00f3n. <\/p><p>Para los usuarios que se registran en nuestro sitio web (si los hay), tambi\u00e9n almacenamos la informaci\u00f3n personal que proporcionan en su perfil de usuario. Todos los usuarios pueden ver, editar o eliminar su informaci\u00f3n personal en cualquier momento (excepto que no pueden cambiar su nombre de usuario). Los administradores del sitio web tambi\u00e9n pueden ver y editar esa informaci\u00f3n.  <\/p><h2 class=\"wp-block-heading\">Los derechos que tiene sobre sus datos<\/h2><p><strong class=\"privacy-policy-tutorial\">Texto sugerido: <\/strong>Si tiene una cuenta o ha dejado comentarios en este sitio, puede solicitar recibir un archivo exportado de los datos personales que tenemos sobre usted, incluyendo cualquier dato que nos haya proporcionado. Tambi\u00e9n puede solicitar que eliminemos cualquier dato personal que tengamos sobre usted. Esto no incluye ning\u00fan dato que estemos obligados a conservar con fines administrativos, legales o de seguridad.  <\/p><h2 class=\"wp-block-heading\">D\u00f3nde se env\u00edan sus datos<\/h2><p><strong class=\"privacy-policy-tutorial\">Texto sugerido: <\/strong>Los comentarios de los visitantes pueden verificarse mediante un servicio automatizado de detecci\u00f3n de comentarios no deseados.<\/p>","protected":false},"excerpt":{"rendered":"<p>\u00bfQui\u00e9nes somos? Texto sugerido: La direcci\u00f3n de nuestro sitio web es: http:\/\/internationalcancerfoundation.ch. Comentarios Texto sugerido: Cuando usted deja un comentario en nuestro sitio web, se recopilan los datos introducidos en el formulario de comentarios, as\u00ed como su direcci\u00f3n IP y el agente de usuario del navegador para ayudarnos a detectar comentarios no deseados. Una cadena [&hellip;]<\/p>\n","protected":false},"author":1,"featured_media":0,"parent":0,"menu_order":0,"comment_status":"closed","ping_status":"open","template":"","meta":{"_acf_changed":false,"footnotes":""},"class_list":["post-1760","page","type-page","status-publish","hentry"],"acf":[],"yoast_head":"<!-- This site is optimized with the Yoast SEO plugin v27.4 - https:\/\/yoast.com\/product\/yoast-seo-wordpress\/ -->\n<title>Pol\u00edtica de privacidad - International Cancer Foundation (ICF)<\/title>\n<meta name=\"robots\" content=\"index, follow, max-snippet:-1, max-image-preview:large, max-video-preview:-1\" \/>\n<link rel=\"canonical\" href=\"https:\/\/internationalcancerfoundation.org\/es\/politica-de-privacidad\/\" \/>\n<meta property=\"og:locale\" content=\"es_ES\" \/>\n<meta property=\"og:type\" content=\"article\" \/>\n<meta property=\"og:title\" content=\"Pol\u00edtica de privacidad - International Cancer Foundation (ICF)\" \/>\n<meta property=\"og:description\" content=\"\u00bfQui\u00e9nes somos? Texto sugerido: La direcci\u00f3n de nuestro sitio web es: http:\/\/internationalcancerfoundation.ch. Comentarios Texto sugerido: Cuando usted deja un comentario en nuestro sitio web, se recopilan los datos introducidos en el formulario de comentarios, as\u00ed como su direcci\u00f3n IP y el agente de usuario del navegador para ayudarnos a detectar comentarios no deseados. Una cadena [&hellip;]\" \/>\n<meta property=\"og:url\" content=\"https:\/\/internationalcancerfoundation.org\/es\/politica-de-privacidad\/\" \/>\n<meta property=\"og:site_name\" content=\"International Cancer Foundation (ICF)\" \/>\n<meta property=\"article:modified_time\" content=\"2026-04-24T08:44:40+00:00\" \/>\n<meta name=\"twitter:card\" content=\"summary_large_image\" \/>\n<meta name=\"twitter:label1\" content=\"Tiempo de lectura\" \/>\n\t<meta name=\"twitter:data1\" content=\"4 minutos\" \/>\n<script type=\"application\/ld+json\" class=\"yoast-schema-graph\">{\"@context\":\"https:\\\/\\\/schema.org\",\"@graph\":[{\"@type\":\"WebPage\",\"@id\":\"https:\\\/\\\/internationalcancerfoundation.org\\\/es\\\/politica-de-privacidad\\\/\",\"url\":\"https:\\\/\\\/internationalcancerfoundation.org\\\/es\\\/politica-de-privacidad\\\/\",\"name\":\"Pol\u00edtica de privacidad - International Cancer Foundation (ICF)\",\"isPartOf\":{\"@id\":\"https:\\\/\\\/internationalcancerfoundation.org\\\/es\\\/#website\"},\"datePublished\":\"2024-08-12T10:59:53+00:00\",\"dateModified\":\"2026-04-24T08:44:40+00:00\",\"breadcrumb\":{\"@id\":\"https:\\\/\\\/internationalcancerfoundation.org\\\/es\\\/politica-de-privacidad\\\/#breadcrumb\"},\"inLanguage\":\"es\",\"potentialAction\":[{\"@type\":\"ReadAction\",\"target\":[\"https:\\\/\\\/internationalcancerfoundation.org\\\/es\\\/politica-de-privacidad\\\/\"]}]},{\"@type\":\"BreadcrumbList\",\"@id\":\"https:\\\/\\\/internationalcancerfoundation.org\\\/es\\\/politica-de-privacidad\\\/#breadcrumb\",\"itemListElement\":[{\"@type\":\"ListItem\",\"position\":1,\"name\":\"Accueil\",\"item\":\"https:\\\/\\\/internationalcancerfoundation.org\\\/es\\\/\"},{\"@type\":\"ListItem\",\"position\":2,\"name\":\"Pol\u00edtica de privacidad\"}]},{\"@type\":\"WebSite\",\"@id\":\"https:\\\/\\\/internationalcancerfoundation.org\\\/es\\\/#website\",\"url\":\"https:\\\/\\\/internationalcancerfoundation.org\\\/es\\\/\",\"name\":\"International Cancer Foundation (ICF)\",\"description\":\"International Cancer Foundation (ICF)\",\"publisher\":{\"@id\":\"https:\\\/\\\/internationalcancerfoundation.org\\\/es\\\/#organization\"},\"potentialAction\":[{\"@type\":\"SearchAction\",\"target\":{\"@type\":\"EntryPoint\",\"urlTemplate\":\"https:\\\/\\\/internationalcancerfoundation.org\\\/es\\\/?s={search_term_string}\"},\"query-input\":{\"@type\":\"PropertyValueSpecification\",\"valueRequired\":true,\"valueName\":\"search_term_string\"}}],\"inLanguage\":\"es\"},{\"@type\":\"Organization\",\"@id\":\"https:\\\/\\\/internationalcancerfoundation.org\\\/es\\\/#organization\",\"name\":\"International Cancer Foundation (ICF)\",\"url\":\"https:\\\/\\\/internationalcancerfoundation.org\\\/es\\\/\",\"logo\":{\"@type\":\"ImageObject\",\"inLanguage\":\"es\",\"@id\":\"https:\\\/\\\/internationalcancerfoundation.org\\\/es\\\/#\\\/schema\\\/logo\\\/image\\\/\",\"url\":\"https:\\\/\\\/internationalcancerfoundation.org\\\/wp-content\\\/uploads\\\/2025\\\/06\\\/international_Cancer_Foundation_Logo_2Lines_RGB-2.svg\",\"contentUrl\":\"https:\\\/\\\/internationalcancerfoundation.org\\\/wp-content\\\/uploads\\\/2025\\\/06\\\/international_Cancer_Foundation_Logo_2Lines_RGB-2.svg\",\"width\":237,\"height\":51,\"caption\":\"International Cancer Foundation (ICF)\"},\"image\":{\"@id\":\"https:\\\/\\\/internationalcancerfoundation.org\\\/es\\\/#\\\/schema\\\/logo\\\/image\\\/\"},\"sameAs\":[\"https:\\\/\\\/www.linkedin.com\\\/company\\\/international-cancer-foundation-icf\\\/\"]}]}<\/script>\n<!-- \/ Yoast SEO plugin. -->","yoast_head_json":{"title":"Pol\u00edtica de privacidad - International Cancer Foundation (ICF)","robots":{"index":"index","follow":"follow","max-snippet":"max-snippet:-1","max-image-preview":"max-image-preview:large","max-video-preview":"max-video-preview:-1"},"canonical":"https:\/\/internationalcancerfoundation.org\/es\/politica-de-privacidad\/","og_locale":"es_ES","og_type":"article","og_title":"Pol\u00edtica de privacidad - International Cancer Foundation (ICF)","og_description":"\u00bfQui\u00e9nes somos? Texto sugerido: La direcci\u00f3n de nuestro sitio web es: http:\/\/internationalcancerfoundation.ch. Comentarios Texto sugerido: Cuando usted deja un comentario en nuestro sitio web, se recopilan los datos introducidos en el formulario de comentarios, as\u00ed como su direcci\u00f3n IP y el agente de usuario del navegador para ayudarnos a detectar comentarios no deseados. Una cadena [&hellip;]","og_url":"https:\/\/internationalcancerfoundation.org\/es\/politica-de-privacidad\/","og_site_name":"International Cancer Foundation (ICF)","article_modified_time":"2026-04-24T08:44:40+00:00","twitter_card":"summary_large_image","twitter_misc":{"Tiempo de lectura":"4 minutos"},"schema":{"@context":"https:\/\/schema.org","@graph":[{"@type":"WebPage","@id":"https:\/\/internationalcancerfoundation.org\/es\/politica-de-privacidad\/","url":"https:\/\/internationalcancerfoundation.org\/es\/politica-de-privacidad\/","name":"Pol\u00edtica de privacidad - International Cancer Foundation (ICF)","isPartOf":{"@id":"https:\/\/internationalcancerfoundation.org\/es\/#website"},"datePublished":"2024-08-12T10:59:53+00:00","dateModified":"2026-04-24T08:44:40+00:00","breadcrumb":{"@id":"https:\/\/internationalcancerfoundation.org\/es\/politica-de-privacidad\/#breadcrumb"},"inLanguage":"es","potentialAction":[{"@type":"ReadAction","target":["https:\/\/internationalcancerfoundation.org\/es\/politica-de-privacidad\/"]}]},{"@type":"BreadcrumbList","@id":"https:\/\/internationalcancerfoundation.org\/es\/politica-de-privacidad\/#breadcrumb","itemListElement":[{"@type":"ListItem","position":1,"name":"Accueil","item":"https:\/\/internationalcancerfoundation.org\/es\/"},{"@type":"ListItem","position":2,"name":"Pol\u00edtica de privacidad"}]},{"@type":"WebSite","@id":"https:\/\/internationalcancerfoundation.org\/es\/#website","url":"https:\/\/internationalcancerfoundation.org\/es\/","name":"International Cancer Foundation (ICF)","description":"International Cancer Foundation (ICF)","publisher":{"@id":"https:\/\/internationalcancerfoundation.org\/es\/#organization"},"potentialAction":[{"@type":"SearchAction","target":{"@type":"EntryPoint","urlTemplate":"https:\/\/internationalcancerfoundation.org\/es\/?s={search_term_string}"},"query-input":{"@type":"PropertyValueSpecification","valueRequired":true,"valueName":"search_term_string"}}],"inLanguage":"es"},{"@type":"Organization","@id":"https:\/\/internationalcancerfoundation.org\/es\/#organization","name":"International Cancer Foundation (ICF)","url":"https:\/\/internationalcancerfoundation.org\/es\/","logo":{"@type":"ImageObject","inLanguage":"es","@id":"https:\/\/internationalcancerfoundation.org\/es\/#\/schema\/logo\/image\/","url":"https:\/\/internationalcancerfoundation.org\/wp-content\/uploads\/2025\/06\/international_Cancer_Foundation_Logo_2Lines_RGB-2.svg","contentUrl":"https:\/\/internationalcancerfoundation.org\/wp-content\/uploads\/2025\/06\/international_Cancer_Foundation_Logo_2Lines_RGB-2.svg","width":237,"height":51,"caption":"International Cancer Foundation (ICF)"},"image":{"@id":"https:\/\/internationalcancerfoundation.org\/es\/#\/schema\/logo\/image\/"},"sameAs":["https:\/\/www.linkedin.com\/company\/international-cancer-foundation-icf\/"]}]}},"_links":{"self":[{"href":"https:\/\/internationalcancerfoundation.org\/es\/wp-json\/wp\/v2\/pages\/1760","targetHints":{"allow":["GET"]}}],"collection":[{"href":"https:\/\/internationalcancerfoundation.org\/es\/wp-json\/wp\/v2\/pages"}],"about":[{"href":"https:\/\/internationalcancerfoundation.org\/es\/wp-json\/wp\/v2\/types\/page"}],"author":[{"embeddable":true,"href":"https:\/\/internationalcancerfoundation.org\/es\/wp-json\/wp\/v2\/users\/1"}],"replies":[{"embeddable":true,"href":"https:\/\/internationalcancerfoundation.org\/es\/wp-json\/wp\/v2\/comments?post=1760"}],"version-history":[{"count":2,"href":"https:\/\/internationalcancerfoundation.org\/es\/wp-json\/wp\/v2\/pages\/1760\/revisions"}],"predecessor-version":[{"id":3839,"href":"https:\/\/internationalcancerfoundation.org\/es\/wp-json\/wp\/v2\/pages\/1760\/revisions\/3839"}],"wp:attachment":[{"href":"https:\/\/internationalcancerfoundation.org\/es\/wp-json\/wp\/v2\/media?parent=1760"}],"curies":[{"name":"wp","href":"https:\/\/api.w.org\/{rel}","templated":true}]}}